{"id":1102,"date":"2025-01-28T16:17:10","date_gmt":"2025-01-28T16:17:10","guid":{"rendered":"https:\/\/jamaicavacationsspot.com\/?post_type=product&#038;p=1102"},"modified":"2025-12-12T23:34:30","modified_gmt":"2025-12-12T23:34:30","slug":"party-on-a-catamaran","status":"publish","type":"product","link":"https:\/\/jamaicavacationsspot.com\/fr\/produit\/party-on-a-catamaran\/","title":{"rendered":"Party en catamaran"},"content":{"rendered":"<p>Montez \u00e0 bord du catamaran et laissez la f\u00eate commencer. Partez pour une excursion de snorkeling (\u00e9quipement fourni) suivie d\u2019une visite de la plage l\u00e9gendaire de Negril, 7 Mile Beach. Profitez \u00e9galement d\u2019un arr\u00eat au c\u00e9l\u00e8bre Rick\u2019s Caf\u00e9. \u00c0 bord, boissons \u00e0 volont\u00e9 servies au bar ouvert. Cette croisi\u00e8re est r\u00e9serv\u00e9e aux adultes.<\/p>","protected":false},"excerpt":{"rendered":"<p>Montez \u00e0 bord du catamaran et laissez la f\u00eate commencer. Partez pour une excursion de snorkeling (\u00e9quipement fourni) suivie d\u2019une visite de la plage l\u00e9gendaire de Negril, 7 Mile Beach. Profitez \u00e9galement d\u2019un arr\u00eat au c\u00e9l\u00e8bre Rick\u2019s Caf\u00e9. \u00c0 bord, boissons \u00e0 volont\u00e9 servies au bar ouvert. Cette croisi\u00e8re est r\u00e9serv\u00e9e aux adultes.<\/p>","protected":false},"featured_media":227,"comment_status":"closed","ping_status":"closed","template":"","meta":{"_acf_changed":false,"nf_dc_page":""},"tour-destination":[138],"tour-language":[143,144,170,148,145],"tour-schedules":[67,68,65,63],"tour-tag":[],"tour-type":[94,92,87,95],"product_brand":[],"product_cat":[23,26],"product_tag":[],"class_list":{"0":"post-1102","1":"product","2":"type-product","3":"status-publish","4":"has-post-thumbnail","6":"tour-destination-negril","7":"tour-language-english","8":"tour-language-french","9":"tour-language-german","10":"tour-language-russian","11":"tour-language-spanish","12":"tour-schedules-saturday","13":"tour-schedules-sunday","14":"tour-schedules-thursday","15":"tour-schedules-tuesday","16":"tour-type-boat-tours","17":"tour-type-cruises-boat-tours","18":"tour-type-snorkelling-scoba-diving","19":"tour-type-sunset-cruises","20":"product_cat-jamaique","21":"product_cat-negril","23":"first","24":"instock","25":"shipping-taxable","26":"purchasable","27":"product-type-simple"},"acf":[],"_links":{"self":[{"href":"https:\/\/jamaicavacationsspot.com\/fr\/wp-json\/wp\/v2\/product\/1102","targetHints":{"allow":["GET"]}}],"collection":[{"href":"https:\/\/jamaicavacationsspot.com\/fr\/wp-json\/wp\/v2\/product"}],"about":[{"href":"https:\/\/jamaicavacationsspot.com\/fr\/wp-json\/wp\/v2\/types\/product"}],"replies":[{"embeddable":true,"href":"https:\/\/jamaicavacationsspot.com\/fr\/wp-json\/wp\/v2\/comments?post=1102"}],"wp:featuredmedia":[{"embeddable":true,"href":"https:\/\/jamaicavacationsspot.com\/fr\/wp-json\/wp\/v2\/media\/227"}],"wp:attachment":[{"href":"https:\/\/jamaicavacationsspot.com\/fr\/wp-json\/wp\/v2\/media?parent=1102"}],"wp:term":[{"taxonomy":"tour-destination","embeddable":true,"href":"https:\/\/jamaicavacationsspot.com\/fr\/wp-json\/wp\/v2\/tour-destination?post=1102"},{"taxonomy":"tour-language","embeddable":true,"href":"https:\/\/jamaicavacationsspot.com\/fr\/wp-json\/wp\/v2\/tour-language?post=1102"},{"taxonomy":"tour-schedules","embeddable":true,"href":"https:\/\/jamaicavacationsspot.com\/fr\/wp-json\/wp\/v2\/tour-schedules?post=1102"},{"taxonomy":"tour-tag","embeddable":true,"href":"https:\/\/jamaicavacationsspot.com\/fr\/wp-json\/wp\/v2\/tour-tag?post=1102"},{"taxonomy":"tour-type","embeddable":true,"href":"https:\/\/jamaicavacationsspot.com\/fr\/wp-json\/wp\/v2\/tour-type?post=1102"},{"taxonomy":"product_brand","embeddable":true,"href":"https:\/\/jamaicavacationsspot.com\/fr\/wp-json\/wp\/v2\/product_brand?post=1102"},{"taxonomy":"product_cat","embeddable":true,"href":"https:\/\/jamaicavacationsspot.com\/fr\/wp-json\/wp\/v2\/product_cat?post=1102"},{"taxonomy":"product_tag","embeddable":true,"href":"https:\/\/jamaicavacationsspot.com\/fr\/wp-json\/wp\/v2\/product_tag?post=1102"}],"curies":[{"name":"wp","href":"https:\/\/api.w.org\/{rel}","templated":true}]}}