{"id":140,"date":"2024-12-13T04:45:33","date_gmt":"2024-12-13T04:45:33","guid":{"rendered":"https:\/\/maz.ycg.mybluehost.me\/website_3a2c57f1\/?post_type=product&#038;p=140"},"modified":"2025-09-27T15:52:53","modified_gmt":"2025-09-27T15:52:53","slug":"bamboo-river-rafting-horseback-riding","status":"publish","type":"product","link":"https:\/\/jamaicavacationsspot.com\/fr\/produit\/bamboo-river-rafting-horseback-riding\/","title":{"rendered":"Descente de rivi\u00e8re en radeau de bambou et balade \u00e0 cheval"},"content":{"rendered":"<p><strong>Jamaican culture, like its mangroves, is deeply rooted in its seas and waterways.<\/strong><\/p>\n<p>There\u2019s no better way to immerse yourself in this paradise than by gliding across jade-green waters on a bamboo raft. As you drift along in the serenity of the Lethe community, let the melodious hum of birds transport you to tranquility. Feel the warmth and hospitality of the Jamaican people as you experience the ultimate riverside relaxation, surrounded by the breathtaking natural beauty that defines this island gem.<\/p>\n<p>And the adventure doesn\u2019t end there! Saddle up and test your riding skills as your trusty steed takes you off the beaten track for an unforgettable ride through the sparkling waters of the Caribbean Sea.<\/p>","protected":false},"excerpt":{"rendered":"<p><strong>D\u00e9couvrez la culture authentique de la Jama\u00efque\u00a0: rafting en bambou et aventures \u00e0 cheval<\/strong><\/p>\n<p>Que vous recherchiez la tranquillit\u00e9 ou l&#8217;aventure, cette exp\u00e9rience jama\u00efcaine unique allie culture, nature et souvenirs inoubliables. R\u00e9servez d\u00e8s aujourd&#8217;hui votre excursion en rafting en bambou et \u00e0 cheval pour un avant-go\u00fbt authentique du paradis\u00a0!<\/p>","protected":false},"featured_media":196,"comment_status":"closed","ping_status":"closed","template":"","meta":{"_acf_changed":false,"nf_dc_page":""},"tour-destination":[],"tour-language":[143,144,149,145],"tour-schedules":[69],"tour-tag":[73],"tour-type":[127,126,93,88],"product_brand":[],"product_cat":[25],"product_tag":[],"class_list":{"0":"post-140","1":"product","2":"type-product","3":"status-publish","4":"has-post-thumbnail","6":"tour-language-english","7":"tour-language-french","8":"tour-language-protuguese","9":"tour-language-spanish","10":"tour-schedules-every-day","11":"tour-tag-transport","12":"tour-type-private-day-trips","13":"tour-type-private-tours","14":"tour-type-river-harbour-cruises","15":"tour-type-white-water-rafting","16":"product_cat-montego-bay","18":"first","19":"instock","20":"virtual","21":"purchasable","22":"product-type-simple"},"acf":[],"_links":{"self":[{"href":"https:\/\/jamaicavacationsspot.com\/fr\/wp-json\/wp\/v2\/product\/140","targetHints":{"allow":["GET"]}}],"collection":[{"href":"https:\/\/jamaicavacationsspot.com\/fr\/wp-json\/wp\/v2\/product"}],"about":[{"href":"https:\/\/jamaicavacationsspot.com\/fr\/wp-json\/wp\/v2\/types\/product"}],"replies":[{"embeddable":true,"href":"https:\/\/jamaicavacationsspot.com\/fr\/wp-json\/wp\/v2\/comments?post=140"}],"wp:featuredmedia":[{"embeddable":true,"href":"https:\/\/jamaicavacationsspot.com\/fr\/wp-json\/wp\/v2\/media\/196"}],"wp:attachment":[{"href":"https:\/\/jamaicavacationsspot.com\/fr\/wp-json\/wp\/v2\/media?parent=140"}],"wp:term":[{"taxonomy":"tour-destination","embeddable":true,"href":"https:\/\/jamaicavacationsspot.com\/fr\/wp-json\/wp\/v2\/tour-destination?post=140"},{"taxonomy":"tour-language","embeddable":true,"href":"https:\/\/jamaicavacationsspot.com\/fr\/wp-json\/wp\/v2\/tour-language?post=140"},{"taxonomy":"tour-schedules","embeddable":true,"href":"https:\/\/jamaicavacationsspot.com\/fr\/wp-json\/wp\/v2\/tour-schedules?post=140"},{"taxonomy":"tour-tag","embeddable":true,"href":"https:\/\/jamaicavacationsspot.com\/fr\/wp-json\/wp\/v2\/tour-tag?post=140"},{"taxonomy":"tour-type","embeddable":true,"href":"https:\/\/jamaicavacationsspot.com\/fr\/wp-json\/wp\/v2\/tour-type?post=140"},{"taxonomy":"product_brand","embeddable":true,"href":"https:\/\/jamaicavacationsspot.com\/fr\/wp-json\/wp\/v2\/product_brand?post=140"},{"taxonomy":"product_cat","embeddable":true,"href":"https:\/\/jamaicavacationsspot.com\/fr\/wp-json\/wp\/v2\/product_cat?post=140"},{"taxonomy":"product_tag","embeddable":true,"href":"https:\/\/jamaicavacationsspot.com\/fr\/wp-json\/wp\/v2\/product_tag?post=140"}],"curies":[{"name":"wp","href":"https:\/\/api.w.org\/{rel}","templated":true}]}}